{"id":19870,"date":"2025-02-17T17:27:51","date_gmt":"2025-02-17T17:27:51","guid":{"rendered":"https:\/\/adawliahstore.com\/?post_type=product&#038;p=19870"},"modified":"2026-04-14T05:15:51","modified_gmt":"2026-04-14T05:15:51","slug":"quietcomfort-headphones","status":"publish","type":"product","link":"https:\/\/adawliahstore.com\/ar\/product\/%d8%b3%d9%85%d8%a7%d8%b9%d8%a7%d8%aa-%d8%b1%d8%a3%d8%b3-%d9%87%d8%a7%d8%af%d8%a6%d8%a9-%d9%88%d9%85%d8%b1%d9%8a%d8%ad%d8%a9\/","title":{"rendered":"\u0633\u0645\u0627\u0639\u0627\u062a \u0627\u0644\u0631\u0623\u0633 Bose QuietComfort"},"content":{"rendered":"<p>\u062a\u062d\u0645\u0651\u0644 \u0645\u0633\u0624\u0648\u0644\u064a\u0629 \u0645\u0648\u0633\u064a\u0642\u0627\u0643 \u0648\u0627\u0646\u0637\u0644\u0642 \u0639\u0644\u0649 \u0627\u0644\u0625\u064a\u0642\u0627\u0639. \u064a\u0639\u0645\u0644 \u0627\u0644\u0635\u0648\u062a \u0639\u0627\u0644\u064a \u0627\u0644\u062f\u0642\u0629 \u0648\u0625\u0644\u063a\u0627\u0621 \u0627\u0644\u0636\u0648\u0636\u0627\u0621 \u0627\u0644\u0623\u0633\u0637\u0648\u0631\u064a \u0628\u0633\u062d\u0631\u0647 \u0645\u0646 \u062e\u0644\u0627\u0644 \u0625\u062d\u0643\u0627\u0645 \u0625\u063a\u0644\u0627\u0642\u0643 \u0648\u0625\u0632\u0627\u0644\u0629 \u0627\u0644\u0645\u0634\u062a\u062a\u0627\u062a \u0648\u0627\u0644\u0633\u0645\u0627\u062d \u0644\u0643 \u0628\u0627\u0644\u063a\u0648\u0635 \u0641\u064a \u0625\u064a\u0642\u0627\u0639\u0643 \u0627\u0644\u062e\u0627\u0635. \u0628\u062f\u0651\u0644 \u0628\u064a\u0646 \u0627\u0644\u0648\u0636\u0639 \u0627\u0644\u0647\u0627\u062f\u0626 \u0648\u0627\u0644\u0648\u0636\u0639 \u0627\u0644\u0648\u0627\u0639\u064a\u060c \u0623\u0648 \u0623\u0646\u0634\u0626 \u0648\u0636\u0639\u064b\u0627 \u0645\u062e\u0635\u0635\u064b\u0627 \u0648\u0627\u0636\u0628\u0637 \u0627\u0644\u0635\u0648\u062a \u0627\u0644\u062e\u0627\u0631\u062c\u064a \u062d\u0633\u0628 \u0627\u0644\u0644\u062d\u0638\u0629. \u0627\u0644\u062a\u0635\u0645\u064a\u0645 \u0645\u0628\u062f\u0639 \u0648\u0627\u0644\u0631\u0627\u062d\u0629 \u062a\u062f\u0648\u0645 \u0637\u0648\u064a\u0644\u0627\u064b\u060c \u0641\u064a \u062d\u064a\u0646 \u0623\u0646 \u0643\u0628\u0644 \u0627\u0644\u0635\u0648\u062a \u0627\u0644\u0627\u062e\u062a\u064a\u0627\u0631\u064a \u0627\u0644\u0645\u0632\u0648\u0651\u062f \u0628\u0645\u064a\u0643\u0631\u0648\u0641\u0648\u0646 \u0645\u062f\u0645\u062c \u064a\u0648\u0635\u0644\u0643 \u0628\u0635\u0648\u062a \u062c\u0631\u064a\u0621 \u0645\u062b\u0644\u0643\u060c \u062d\u062a\u0649 \u0628\u062f\u0648\u0646 \u0627\u062a\u0635\u0627\u0644 Bluetooth\u00ae.<\/p>","protected":false},"excerpt":{"rendered":"<p>\u0625\u0644\u063a\u0627\u0621 \u0627\u0644\u0636\u0648\u0636\u0627\u0621<\/p>\n<p>\u0648\u0633\u0627\u062f\u0629 \u0642\u0627\u0628\u0644\u0629 \u0644\u0644\u0625\u0632\u0627\u0644\u0629<\/p>\n<p>\u0625\u0644\u063a\u0627\u0621 \u0627\u0644\u0636\u0648\u0636\u0627\u0621 \u0627\u0644\u0646\u0634\u0637<\/p>\n<p>\u0627\u0644\u0623\u0628\u0639\u0627\u062f: 195 \u00d7 156.9 \u00d7 156.9 \u00d7 80 \u0645\u0645<\/p>\n<p>\u062e\u0627\u0645\u0629 \u0627\u0644\u0645\u0646\u062a\u062c: \u0645\u0639\u062f\u0646\u060c \u0628\u0644\u0627\u0633\u062a\u064a\u0643\u060c \u0628\u0644\u0627\u0633\u062a\u064a\u0643\u060c \u062c\u0644\u062f (\u0628\u0631\u0648\u062a\u064a\u0646)<\/p>\n<p>\u0639\u0645\u0631 \u0627\u0644\u0628\u0637\u0627\u0631\u064a\u0629: 24 \u0633\u0627\u0639\u0629<\/p>\n<p>\u0648\u0642\u062a \u0634\u062d\u0646 \u0627\u0644\u0628\u0637\u0627\u0631\u064a\u0629: 2.5 \u0633\u0627\u0639\u0629<\/p>\n<p>\u0648\u0627\u062c\u0647\u0629 \u0627\u0644\u0634\u062d\u0646: USB<\/p>\n<p>\u0627\u062a\u0635\u0627\u0644 \u0644\u0627\u0633\u0644\u0643\u064a: \u0628\u0644\u0648\u062a\u0648\u062b 5.1<\/p>","protected":false},"featured_media":27936,"template":"","meta":{"advanced_seo_description":"","jetpack_seo_html_title":"","jetpack_seo_noindex":false},"product_brand":[88],"product_cat":[309,1169,71,86,1063],"product_tag":[],"class_list":{"0":"post-19870","1":"product","2":"type-product","3":"status-publish","4":"has-post-thumbnail","6":"product_brand-bose","7":"product_cat-hot-deals","8":"product_cat-get2fit","9":"product_cat-audio","10":"product_cat-headphones-earbuds","11":"product_cat-headphones-headphones-earphones","12":"pa_brand-bose","13":"pa_color-black","14":"pa_color-cypress-green","15":"pa_color-petal-pink","16":"pa_color-twilight-blue","17":"pa_color-moonlight-grey","18":"pa_color-white","19":"pa_color-chilled-lilac","20":"pa_color-blue-dusk","21":"pa_color-sandstone","23":"first","24":"instock","25":"sale","26":"shipping-taxable","27":"purchasable","28":"product-type-variable","29":"has-default-attributes"},"jetpack_sharing_enabled":true,"_links":{"self":[{"href":"https:\/\/adawliahstore.com\/ar\/wp-json\/wp\/v2\/product\/19870","targetHints":{"allow":["GET"]}}],"collection":[{"href":"https:\/\/adawliahstore.com\/ar\/wp-json\/wp\/v2\/product"}],"about":[{"href":"https:\/\/adawliahstore.com\/ar\/wp-json\/wp\/v2\/types\/product"}],"version-history":[{"count":6,"href":"https:\/\/adawliahstore.com\/ar\/wp-json\/wp\/v2\/product\/19870\/revisions"}],"predecessor-version":[{"id":32221,"href":"https:\/\/adawliahstore.com\/ar\/wp-json\/wp\/v2\/product\/19870\/revisions\/32221"}],"wp:featuredmedia":[{"embeddable":true,"href":"https:\/\/adawliahstore.com\/ar\/wp-json\/wp\/v2\/media\/27936"}],"wp:attachment":[{"href":"https:\/\/adawliahstore.com\/ar\/wp-json\/wp\/v2\/media?parent=19870"}],"wp:term":[{"taxonomy":"product_brand","embeddable":true,"href":"https:\/\/adawliahstore.com\/ar\/wp-json\/wp\/v2\/product_brand?post=19870"},{"taxonomy":"product_cat","embeddable":true,"href":"https:\/\/adawliahstore.com\/ar\/wp-json\/wp\/v2\/product_cat?post=19870"},{"taxonomy":"product_tag","embeddable":true,"href":"https:\/\/adawliahstore.com\/ar\/wp-json\/wp\/v2\/product_tag?post=19870"}],"curies":[{"name":"wp","href":"https:\/\/api.w.org\/{rel}","templated":true}]}}