{"id":22329,"date":"2025-04-07T09:01:35","date_gmt":"2025-04-07T09:01:35","guid":{"rendered":"https:\/\/adawliahstore.com\/product\/y-362prl-2m-bk-kirlin-professional-patch-cable-3-5mm-trs-plug-2x1-4-mono-plug-2m-black\/"},"modified":"2026-04-09T07:53:29","modified_gmt":"2026-04-09T07:53:29","slug":"y-362prl-2m-bk-kirlin-professional-patch-cable-3-5mm-trs-plug-2x1-4-mono-plug-2m-black","status":"publish","type":"product","link":"https:\/\/adawliahstore.com\/ar\/product\/y-362prl-2m-bk-kirlin-professional-patch-cable-3-5mm-trs-plug-2x1-4-mono-plug-2m-black\/","title":{"rendered":"Y-362PRL-2M\/BK \u0643\u0627\u0628\u0644 \u062a\u0648\u0635\u064a\u0644 \u0627\u062d\u062a\u0631\u0627\u0641\u064a \u0645\u0646 \u0643\u064a\u0631\u0644\u064a\u0646 \u0628\u0631\u0648\u0641\u064a\u0634\u0646\u0627\u0644 3.5 \u0645\u0644\u0645 TRS Plug - 2 \u00d7 1\/4 \u0628\u0648\u0635\u0629 \u0642\u0627\u0628\u0633 \u0623\u062d\u0627\u062f\u064a (2 \u0645\u062a\u0631) - \u0623\u0633\u0648\u062f"},"content":{"rendered":"","protected":false},"excerpt":{"rendered":"<p>\u0643\u0627\u0628\u0644 \u062a\u0648\u0635\u064a\u0644 \u0643\u0627\u0628\u0644 \u0644\u0627\u064a\u062a \u062c\u064a\u0631 \u0644\u0627\u064a\u062a \u062c\u064a\u0631 \u0639\u0644\u0649 \u0634\u0643\u0644 Y \u0645\u0646 \u0643\u064a\u0631\u0644\u064a\u0646<\/p>\n<p>\u0642\u0627\u0628\u0633 TRS \u0645\u0642\u0627\u0633 3.5 \u0645\u0645 - 2x 1\/4 \u2033 \u0642\u0627\u0628\u0633 \u0623\u062d\u0627\u062f\u064a (\u0637\u0631\u0641 \/ \u062d\u0644\u0642\u0629)<\/p>\n<p>1\u00d724\u00d72 \u0645\u0648\u0635\u0644 \u0646\u062d\u0627\u0633\u064a \u0642\u064a\u0627\u0633 24\u00d72 + 2\u00d724\u00d71 \u0645\u0648\u0635\u0644 \u0646\u062d\u0627\u0633\u064a \u0642\u064a\u0627\u0633 1<\/p>\n<p>\u062a\u062f\u0631\u064a\u0639 \u0646\u062d\u0627\u0633\u064a \u062d\u0644\u0632\u0648\u0646\u064a \u0646\u062d\u0627\u0633\u064a \u0628\u062a\u063a\u0637\u064a\u0629 90%<\/p>\n<p>\u0633\u062a\u0631\u0629 PVC \u0633\u0648\u062f\u0627\u0621 (BK) \u0628\u0642\u0637\u0631 \u062e\u0627\u0631\u062c\u064a 5.5 \u0645\u0645<\/p>","protected":false},"featured_media":23192,"template":"","meta":{"advanced_seo_description":"","jetpack_seo_html_title":"","jetpack_seo_noindex":false},"product_brand":[1085],"product_cat":[72,386,388],"product_tag":[],"class_list":{"0":"post-22329","1":"product","2":"type-product","3":"status-publish","4":"has-post-thumbnail","6":"product_brand-kirlin","7":"product_cat-accessories","8":"product_cat-cables-and-connectors","9":"product_cat-patch-cables","10":"pa_brand-kirlin","12":"first","13":"instock","14":"shipping-taxable","15":"purchasable","16":"product-type-simple"},"jetpack_sharing_enabled":true,"_links":{"self":[{"href":"https:\/\/adawliahstore.com\/ar\/wp-json\/wp\/v2\/product\/22329","targetHints":{"allow":["GET"]}}],"collection":[{"href":"https:\/\/adawliahstore.com\/ar\/wp-json\/wp\/v2\/product"}],"about":[{"href":"https:\/\/adawliahstore.com\/ar\/wp-json\/wp\/v2\/types\/product"}],"version-history":[{"count":1,"href":"https:\/\/adawliahstore.com\/ar\/wp-json\/wp\/v2\/product\/22329\/revisions"}],"predecessor-version":[{"id":23117,"href":"https:\/\/adawliahstore.com\/ar\/wp-json\/wp\/v2\/product\/22329\/revisions\/23117"}],"wp:featuredmedia":[{"embeddable":true,"href":"https:\/\/adawliahstore.com\/ar\/wp-json\/wp\/v2\/media\/23192"}],"wp:attachment":[{"href":"https:\/\/adawliahstore.com\/ar\/wp-json\/wp\/v2\/media?parent=22329"}],"wp:term":[{"taxonomy":"product_brand","embeddable":true,"href":"https:\/\/adawliahstore.com\/ar\/wp-json\/wp\/v2\/product_brand?post=22329"},{"taxonomy":"product_cat","embeddable":true,"href":"https:\/\/adawliahstore.com\/ar\/wp-json\/wp\/v2\/product_cat?post=22329"},{"taxonomy":"product_tag","embeddable":true,"href":"https:\/\/adawliahstore.com\/ar\/wp-json\/wp\/v2\/product_tag?post=22329"}],"curies":[{"name":"wp","href":"https:\/\/api.w.org\/{rel}","templated":true}]}}