{"id":22332,"date":"2025-04-07T09:01:43","date_gmt":"2025-04-07T09:01:43","guid":{"rendered":"https:\/\/adawliahstore.com\/product\/y-301-2m-bk-kirlin-professional-patch-cable-xlr-male-2x-xlr-female-2m-black\/"},"modified":"2026-04-09T07:53:29","modified_gmt":"2026-04-09T07:53:29","slug":"y-301-2m-bk-kirlin-professional-patch-cable-xlr-male-2x-xlr-female-2m-black","status":"publish","type":"product","link":"https:\/\/adawliahstore.com\/ar\/product\/y-301-2m-bk-k-kirlin-professionional-patch-cable-xlr-male-2x-x-xlr-female-2m-black\/","title":{"rendered":"Y-301-2M\/2M\/BK \u0643\u0627\u0628\u0644 \u062a\u0648\u0635\u064a\u0644 \u0627\u062d\u062a\u0631\u0627\u0641\u064a \u0645\u0646 \u0643\u064a\u0631\u0644\u064a\u0646 Kirlin Patch Cable XLR Male - 2x XLR Female (2m) - \u0623\u0633\u0648\u062f"},"content":{"rendered":"","protected":false},"excerpt":{"rendered":"<p>\u0643\u0627\u0628\u0644 \u062a\u0648\u0635\u064a\u0644 \u0643\u0627\u0628\u0644 \u0644\u0627\u064a\u062a \u062c\u064a\u0631 \u0644\u0627\u064a\u062a \u062c\u064a\u0631 \u0639\u0644\u0649 \u0634\u0643\u0644 Y \u0645\u0646 \u0643\u064a\u0631\u0644\u064a\u0646<\/p>\n<p>XLR \u0630\u0643\u0631 XLR - 2x XLR \u0623\u0646\u062b\u0649 XLR<\/p>\n<p>1\u00d724\u00d72 \u0645\u0648\u0635\u0644 \u0646\u062d\u0627\u0633\u064a \u0642\u064a\u0627\u0633 24\u00d72 + 2\u00d724\u00d72 \u0645\u0648\u0635\u0644 \u0646\u062d\u0627\u0633\u064a \u0642\u064a\u0627\u0633 24\u00d72<\/p>\n<p>\u062a\u062f\u0631\u064a\u0639 \u062d\u0644\u0632\u0648\u0646\u064a \u0646\u062d\u0627\u0633\u064a \u0628\u062a\u063a\u0637\u064a\u0629 90%.<\/p>\n<p>\u0633\u062a\u0631\u0629 PVC \u0633\u0648\u062f\u0627\u0621 (BK) \u0628\u0642\u0637\u0631 \u062e\u0627\u0631\u062c\u064a 5.5 \u0645\u0645<\/p>","protected":false},"featured_media":23186,"template":"","meta":{"advanced_seo_description":"","jetpack_seo_html_title":"","jetpack_seo_noindex":false},"product_brand":[1085],"product_cat":[72,386,388],"product_tag":[],"class_list":{"0":"post-22332","1":"product","2":"type-product","3":"status-publish","4":"has-post-thumbnail","6":"product_brand-kirlin","7":"product_cat-accessories","8":"product_cat-cables-and-connectors","9":"product_cat-patch-cables","10":"pa_brand-kirlin","12":"first","13":"instock","14":"shipping-taxable","15":"purchasable","16":"product-type-simple"},"jetpack_sharing_enabled":true,"_links":{"self":[{"href":"https:\/\/adawliahstore.com\/ar\/wp-json\/wp\/v2\/product\/22332","targetHints":{"allow":["GET"]}}],"collection":[{"href":"https:\/\/adawliahstore.com\/ar\/wp-json\/wp\/v2\/product"}],"about":[{"href":"https:\/\/adawliahstore.com\/ar\/wp-json\/wp\/v2\/types\/product"}],"version-history":[{"count":1,"href":"https:\/\/adawliahstore.com\/ar\/wp-json\/wp\/v2\/product\/22332\/revisions"}],"predecessor-version":[{"id":23118,"href":"https:\/\/adawliahstore.com\/ar\/wp-json\/wp\/v2\/product\/22332\/revisions\/23118"}],"wp:featuredmedia":[{"embeddable":true,"href":"https:\/\/adawliahstore.com\/ar\/wp-json\/wp\/v2\/media\/23186"}],"wp:attachment":[{"href":"https:\/\/adawliahstore.com\/ar\/wp-json\/wp\/v2\/media?parent=22332"}],"wp:term":[{"taxonomy":"product_brand","embeddable":true,"href":"https:\/\/adawliahstore.com\/ar\/wp-json\/wp\/v2\/product_brand?post=22332"},{"taxonomy":"product_cat","embeddable":true,"href":"https:\/\/adawliahstore.com\/ar\/wp-json\/wp\/v2\/product_cat?post=22332"},{"taxonomy":"product_tag","embeddable":true,"href":"https:\/\/adawliahstore.com\/ar\/wp-json\/wp\/v2\/product_tag?post=22332"}],"curies":[{"name":"wp","href":"https:\/\/api.w.org\/{rel}","templated":true}]}}