{"id":28790,"date":"2025-06-12T09:58:43","date_gmt":"2025-06-12T09:58:43","guid":{"rendered":"https:\/\/adawliahstore.com\/?post_type=product&#038;p=28790"},"modified":"2026-04-14T05:15:46","modified_gmt":"2026-04-14T05:15:46","slug":"bose-quietcomfort-headphones-soft-case","status":"publish","type":"product","link":"https:\/\/adawliahstore.com\/ar\/product\/bose-quietcomfort-qukicomfort-headphones-soft-case\/","title":{"rendered":"\u062d\u0627\u0641\u0638\u0629 \u0646\u0627\u0639\u0645\u0629 \u0644\u0633\u0645\u0627\u0639\u0627\u062a \u0627\u0644\u0631\u0623\u0633 Bose QuietComfort"},"content":{"rendered":"<p>\u062a\u0648\u0641\u0631 \u0633\u0645\u0627\u0639\u0627\u062a \u0627\u0644\u0631\u0623\u0633 QuietComfort \u0625\u0644\u063a\u0627\u0621 \u0627\u0644\u062a\u0634\u0648\u064a\u0634 \u0627\u0644\u0623\u0633\u0637\u0648\u0631\u064a \u0648\u0627\u0644\u0635\u0648\u062a \u0639\u0627\u0644\u064a \u0627\u0644\u062f\u0642\u0629 \u0641\u064a \u062a\u0635\u0645\u064a\u0645 \u0643\u0644\u0627\u0633\u064a\u0643\u064a \u0648\u0645\u0631\u064a\u062d \u0645\u0639 \u0639\u0645\u0631 \u0628\u0637\u0627\u0631\u064a\u0629 \u064a\u0635\u0644 \u0625\u0644\u0649 24 \u0633\u0627\u0639\u0629 \u0644\u0645\u0648\u0627\u0643\u0628\u0629 \u0623\u064a \u0646\u0645\u0637 \u062d\u064a\u0627\u0629. \u062a\u062a\u0645\u064a\u0651\u0632 \u0633\u0645\u0627\u0639\u0627\u062a \u0627\u0644\u0631\u0623\u0633 \u0627\u0644\u0623\u064a\u0642\u0648\u0646\u064a\u0629 \u0647\u0630\u0647 \u0628\u0623\u0648\u0636\u0627\u0639 \u0627\u0633\u062a\u0645\u0627\u0639 \u0642\u0627\u0628\u0644\u0629 \u0644\u0644\u062a\u062e\u0635\u064a\u0635 \u0628\u0627\u0644\u0625\u0636\u0627\u0641\u0629 \u0625\u0644\u0649 \u062e\u064a\u0627\u0631\u064a Quiet \u0648 Aware\u060c \u0643\u0645\u0627 \u062a\u0623\u062a\u064a \u0645\u0632\u0648\u0651\u062f\u0629 \u0628\u0643\u0628\u0644 \u0635\u0648\u062a \u0645\u0639 \u0645\u064a\u0643\u0631\u0648\u0641\u0648\u0646 \u0645\u062f\u0645\u062c \u0644\u0644\u062d\u0627\u0644\u0627\u062a \u0627\u0644\u062a\u064a \u0644\u0627 \u062a\u062a\u0635\u0644 \u0628\u0627\u0644\u0628\u0644\u0648\u062a\u0648\u062b.<\/p>","protected":false},"excerpt":{"rendered":"<p>\u0625\u0644\u063a\u0627\u0621 \u0627\u0644\u0636\u0648\u0636\u0627\u0621<br \/>\n\u0648\u0633\u0627\u062f\u0629 \u0642\u0627\u0628\u0644\u0629 \u0644\u0644\u0625\u0632\u0627\u0644\u0629<br \/>\n\u0625\u0644\u063a\u0627\u0621 \u0627\u0644\u0636\u0648\u0636\u0627\u0621 \u0627\u0644\u0646\u0634\u0637<br \/>\n\u0627\u0644\u0623\u0628\u0639\u0627\u062f: 195 \u00d7 156.9 \u00d7 156.9 \u00d7 80 \u0645\u0645<br \/>\n\u062e\u0627\u0645\u0629 \u0627\u0644\u0645\u0646\u062a\u062c: \u0645\u0639\u062f\u0646\u060c \u0628\u0644\u0627\u0633\u062a\u064a\u0643\u060c \u0628\u0644\u0627\u0633\u062a\u064a\u0643\u060c \u062c\u0644\u062f (\u0628\u0631\u0648\u062a\u064a\u0646)<br \/>\n\u0639\u0645\u0631 \u0627\u0644\u0628\u0637\u0627\u0631\u064a\u0629: 24 \u0633\u0627\u0639\u0629<br \/>\n\u0648\u0642\u062a \u0634\u062d\u0646 \u0627\u0644\u0628\u0637\u0627\u0631\u064a\u0629: 2.5 \u0633\u0627\u0639\u0629<br \/>\n\u0648\u0627\u062c\u0647\u0629 \u0627\u0644\u0634\u062d\u0646: USB<br \/>\n\u0627\u062a\u0635\u0627\u0644 \u0644\u0627\u0633\u0644\u0643\u064a: \u0628\u0644\u0648\u062a\u0648\u062b 5.1<\/p>","protected":false},"featured_media":28796,"template":"","meta":{"advanced_seo_description":"","jetpack_seo_html_title":"","jetpack_seo_noindex":false},"product_brand":[88],"product_cat":[1124,1206,1235],"product_tag":[],"class_list":{"0":"post-28790","1":"product","2":"type-product","3":"status-publish","4":"has-post-thumbnail","6":"product_brand-bose","7":"product_cat-audio-visual","8":"product_cat-headphones-earphones","9":"product_cat-headphones-headphones-earphones-audio-visual","11":"first","12":"instock","13":"shipping-taxable","14":"purchasable","15":"product-type-simple"},"jetpack_sharing_enabled":true,"_links":{"self":[{"href":"https:\/\/adawliahstore.com\/ar\/wp-json\/wp\/v2\/product\/28790","targetHints":{"allow":["GET"]}}],"collection":[{"href":"https:\/\/adawliahstore.com\/ar\/wp-json\/wp\/v2\/product"}],"about":[{"href":"https:\/\/adawliahstore.com\/ar\/wp-json\/wp\/v2\/types\/product"}],"version-history":[{"count":1,"href":"https:\/\/adawliahstore.com\/ar\/wp-json\/wp\/v2\/product\/28790\/revisions"}],"predecessor-version":[{"id":28794,"href":"https:\/\/adawliahstore.com\/ar\/wp-json\/wp\/v2\/product\/28790\/revisions\/28794"}],"wp:featuredmedia":[{"embeddable":true,"href":"https:\/\/adawliahstore.com\/ar\/wp-json\/wp\/v2\/media\/28796"}],"wp:attachment":[{"href":"https:\/\/adawliahstore.com\/ar\/wp-json\/wp\/v2\/media?parent=28790"}],"wp:term":[{"taxonomy":"product_brand","embeddable":true,"href":"https:\/\/adawliahstore.com\/ar\/wp-json\/wp\/v2\/product_brand?post=28790"},{"taxonomy":"product_cat","embeddable":true,"href":"https:\/\/adawliahstore.com\/ar\/wp-json\/wp\/v2\/product_cat?post=28790"},{"taxonomy":"product_tag","embeddable":true,"href":"https:\/\/adawliahstore.com\/ar\/wp-json\/wp\/v2\/product_tag?post=28790"}],"curies":[{"name":"wp","href":"https:\/\/api.w.org\/{rel}","templated":true}]}}