{"id":29458,"date":"2025-07-17T11:49:03","date_gmt":"2025-07-17T11:49:03","guid":{"rendered":"https:\/\/adawliahstore.com\/?post_type=product&#038;p=29458"},"modified":"2026-04-21T10:41:03","modified_gmt":"2026-04-21T10:41:03","slug":"proel-height-adjustable-triangular-base-nearfield-monitor-stand-kp840","status":"publish","type":"product","link":"https:\/\/adawliahstore.com\/ar\/product\/proel-headight-adight-adight-adight-adight-adjustable-triangle-base-nearfield-monitor-kp840\/","title":{"rendered":"\u0642\u0627\u0639\u062f\u0629 \u0634\u0627\u0634\u0629 \u0630\u0627\u062a \u0642\u0627\u0639\u062f\u0629 \u0645\u062b\u0644\u062b\u0629 \u0642\u0627\u0628\u0644\u0629 \u0644\u062a\u0639\u062f\u064a\u0644 \u0627\u0644\u0627\u0631\u062a\u0641\u0627\u0639 \u0645\u0646 Proel \u0630\u0627\u062a \u0642\u0627\u0639\u062f\u0629 \u0645\u062b\u0644\u062b\u0629 \u0642\u0627\u0628\u0644\u0629 \u0644\u0644\u062a\u0639\u062f\u064a\u0644 - KP840"},"content":{"rendered":"<p>\u062d\u0627\u0645\u0644 \u0634\u0627\u0634\u0629 \u0628\u0642\u0627\u0639\u062f\u0629 \u0645\u062b\u0644\u062b\u0629 \u0627\u0644\u0642\u0627\u0639\u062f\u0629 \u0627\u0644\u0642\u0631\u064a\u0628\u0629 \u0645\u0646 \u0627\u0644\u0645\u062c\u0627\u0644 \u0627\u0644\u0642\u0631\u064a\u0628. \u0645\u0632\u0648\u062f \u0628\u0645\u0633\u0627\u0645\u064a\u0631 \u0645\u062e\u0631\u0648\u0637\u064a\u0629 \u0644\u0644\u0633\u0645\u0627\u062d \u0628\u0639\u0632\u0644 \u0627\u0644\u062a\u063a\u0630\u064a\u0629 \u0627\u0644\u0645\u0631\u062a\u062f\u0629 \u0627\u0644\u0623\u0631\u0636\u064a\u0629. \u064a\u0648\u0641\u0631 \u0647\u064a\u0643\u0644 \u0623\u0646\u0628\u0648\u0628\u064a \u0641\u0648\u0644\u0627\u0630\u064a \u0646\u0638\u0627\u0645 \u0623\u0645\u0627\u0646 \u0628\u0645\u0633\u0627\u0645\u064a\u0631 \u0642\u0627\u0628\u0644\u0629 \u0644\u062a\u0639\u062f\u064a\u0644 \u0627\u0644\u0627\u0631\u062a\u0641\u0627\u0639 \u0645\u0646 850 \u0645\u0645 \u0625\u0644\u0649 1170 \u0645\u0645 (\u062e\u0645\u0633\u0629 \u0623\u0648\u0636\u0627\u0639 \u0645\u062e\u062a\u0644\u0641\u0629). \u062d\u062c\u0645 \u0627\u0644\u0644\u0648\u062d\u0629 \u0627\u0644\u0639\u0644\u0648\u064a\u0629 230 \u0645\u0645 \u00d7 230 \u0645\u0645. \u0645\u062b\u0627\u0644\u064a\u0629 \u0644\u0644\u062a\u0633\u062c\u064a\u0644 \u0627\u0644\u0645\u0646\u0632\u0644\u064a \u0648\u062a\u0633\u062c\u064a\u0644 \u0627\u0644\u0627\u0633\u062a\u0648\u062f\u064a\u0648. \u0645\u062a\u0648\u0641\u0631 \u0628\u0627\u0644\u0644\u0648\u0646 \u0627\u0644\u0623\u0633\u0648\u062f \u063a\u064a\u0631 \u0627\u0644\u0644\u0627\u0645\u0639.<\/p>","protected":false},"excerpt":{"rendered":"<ul>\n<li>\u0623\u0628\u0639\u0627\u062f \u0627\u0644\u0642\u0627\u0639\u062f\u0629: 450 \u00d7 450 \u00d7 450 \u00d7 450 \u0645\u0645<\/li>\n<li>\u0623\u0628\u0639\u0627\u062f \u0627\u0644\u0644\u0648\u062d\u0629 \u0627\u0644\u0639\u0644\u0648\u064a\u0629: 230 \u00d7 230 \u0645\u0645<\/li>\n<li>\u0627\u0644\u062d\u062f \u0627\u0644\u0623\u062f\u0646\u0649 \u0644\u0644\u0627\u0631\u062a\u0641\u0627\u0639: 850 \u0645\u0645<\/li>\n<li>\u0627\u0644\u0627\u0631\u062a\u0641\u0627\u0639 \u0627\u0644\u0623\u0642\u0635\u0649: 1170 \u0645\u0645<\/li>\n<li>\u0627\u0644\u0648\u0632\u0646: 5 \u0643\u062c\u0645<\/li>\n<\/ul>","protected":false},"featured_media":29459,"template":"","meta":{"advanced_seo_description":"","jetpack_seo_html_title":"","jetpack_seo_noindex":false},"product_brand":[430],"product_cat":[1269,203,220],"product_tag":[],"class_list":{"0":"post-29458","1":"product","2":"type-product","3":"status-publish","4":"has-post-thumbnail","6":"product_brand-proel","7":"product_cat-speaker-stands-accessories-professional-audio-visual","8":"product_cat-professional-audio-visual","9":"product_cat-accessories-professional-audio-visual","10":"pa_brand-proel","12":"first","13":"instock","14":"shipping-taxable","15":"purchasable","16":"product-type-simple"},"jetpack_sharing_enabled":true,"_links":{"self":[{"href":"https:\/\/adawliahstore.com\/ar\/wp-json\/wp\/v2\/product\/29458","targetHints":{"allow":["GET"]}}],"collection":[{"href":"https:\/\/adawliahstore.com\/ar\/wp-json\/wp\/v2\/product"}],"about":[{"href":"https:\/\/adawliahstore.com\/ar\/wp-json\/wp\/v2\/types\/product"}],"version-history":[{"count":1,"href":"https:\/\/adawliahstore.com\/ar\/wp-json\/wp\/v2\/product\/29458\/revisions"}],"predecessor-version":[{"id":29460,"href":"https:\/\/adawliahstore.com\/ar\/wp-json\/wp\/v2\/product\/29458\/revisions\/29460"}],"wp:featuredmedia":[{"embeddable":true,"href":"https:\/\/adawliahstore.com\/ar\/wp-json\/wp\/v2\/media\/29459"}],"wp:attachment":[{"href":"https:\/\/adawliahstore.com\/ar\/wp-json\/wp\/v2\/media?parent=29458"}],"wp:term":[{"taxonomy":"product_brand","embeddable":true,"href":"https:\/\/adawliahstore.com\/ar\/wp-json\/wp\/v2\/product_brand?post=29458"},{"taxonomy":"product_cat","embeddable":true,"href":"https:\/\/adawliahstore.com\/ar\/wp-json\/wp\/v2\/product_cat?post=29458"},{"taxonomy":"product_tag","embeddable":true,"href":"https:\/\/adawliahstore.com\/ar\/wp-json\/wp\/v2\/product_tag?post=29458"}],"curies":[{"name":"wp","href":"https:\/\/api.w.org\/{rel}","templated":true}]}}