{"id":29811,"date":"2025-07-24T05:29:27","date_gmt":"2025-07-24T05:29:27","guid":{"rendered":"https:\/\/adawliahstore.com\/product\/yamaha-12-2-way-passive-loudspeaker-chr12\/"},"modified":"2026-04-14T05:23:56","modified_gmt":"2026-04-14T05:23:56","slug":"yamaha-12-2-way-passive-loudspeaker-chr12","status":"publish","type":"product","link":"https:\/\/adawliahstore.com\/ar\/product\/yamaha-12-2-way-passive-loudpeaker-chr12\/","title":{"rendered":"\u0645\u0643\u0628\u0631 \u0635\u0648\u062a \u064a\u0627\u0645\u0627\u0647\u0627 12 \u0628\u0648\u0635\u0629 \u062b\u0646\u0627\u0626\u064a \u0627\u0644\u0627\u062a\u062c\u0627\u0647 \u0645\u0643\u0628\u0631 \u0635\u0648\u062a \u0633\u0644\u0628\u064a - CHR12"},"content":{"rendered":"<p>\u062a\u062a\u0645\u064a\u0632 \u0633\u0644\u0633\u0644\u0629 CHR \u0628\u0645\u062c\u0645\u0648\u0639\u0629 \u0634\u0627\u0645\u0644\u0629 \u0645\u0646 \u0645\u0643\u0628\u0631\u0627\u062a \u0627\u0644\u0635\u0648\u062a \u0627\u0644\u0645\u0632\u0648\u062f\u0629 \u0628\u062e\u0632\u0627\u0646\u0627\u062a \u0645\u062d\u0633\u0646\u0629 \u0644\u062a\u0644\u0628\u064a\u0629 \u0645\u062a\u0637\u0644\u0628\u0627\u062a \u062a\u0637\u0628\u064a\u0642\u0627\u062a \u0645\u062d\u062f\u062f\u0629.<\/p>\n<p>\u062a\u0642\u062f\u0645 \u0633\u0644\u0633\u0644\u0629 CHR \u062d\u0644\u0627\u064b \u0645\u062b\u0627\u0644\u064a\u064b\u0627 \u0644\u0623\u064a \u0634\u062e\u0635 \u0645\u0633\u062a\u0639\u062f \u0644\u0644\u0627\u0631\u062a\u0642\u0627\u0621 \u0628\u0645\u0633\u062a\u0648\u0649 \u062a\u0639\u0632\u064a\u0632 \u0627\u0644\u0635\u0648\u062a \u0625\u0644\u0649 \u0645\u0633\u062a\u0648\u0649 \u062c\u062f\u064a\u062f \u0645\u0646 \u0627\u0644\u062c\u0648\u062f\u0629 \u0627\u0644\u0627\u062d\u062a\u0631\u0627\u0641\u064a\u0629 \u0648\u0627\u0644\u062f\u0642\u0629 \u0648\u0627\u0644\u0623\u062f\u0627\u0621. \u0648\u062a\u0648\u0641\u0631 \u0627\u0644\u062e\u0632\u0627\u0646\u0627\u062a \u0627\u0644\u0645\u0635\u0646\u0648\u0639\u0629 \u0645\u0646 \u0627\u0644\u062e\u0634\u0628 \u0627\u0644\u0631\u0642\u0627\u0626\u0642\u064a \u0627\u0644\u0641\u0627\u062e\u0631 \u0648\u0627\u0644\u0645\u0637\u0644\u064a\u0629 \u0628\u0637\u0628\u0642\u0629 \u0645\u0646 \u0627\u0644\u0628\u0648\u0644\u064a\u0648\u0631\u064a\u0627 \u0627\u0644\u0645\u062a\u064a\u0646\u0629 \u0645\u062a\u0627\u0646\u0629 \u063a\u064a\u0631 \u0645\u0648\u062c\u0648\u062f\u0629 \u0641\u064a \u0645\u0643\u0628\u0631\u0627\u062a \u0627\u0644\u0635\u0648\u062a \u0627\u0644\u0623\u062e\u0631\u0649 \u0641\u064a \u0647\u0630\u0647 \u0627\u0644\u0641\u0626\u0629. \u062a\u0645 \u062a\u062c\u0647\u064a\u0632 CHR12 \u0628\u0623\u0628\u0648\u0627\u0642 \u062f\u0648\u0627\u0631\u0629 \u0648\u062d\u0627\u0645\u0644 \u0645\u062e\u0635\u0635 \u0639\u0644\u0649 \u0634\u0643\u0644 \u062d\u0631\u0641 U \u0644\u0644\u0627\u0633\u062a\u062e\u062f\u0627\u0645 \u0641\u064a \u0627\u0644\u062a\u0631\u0643\u064a\u0628\u0627\u062a \u0627\u0644\u062b\u0627\u0628\u062a\u0629 \u0648\u0627\u0644\u0645\u0631\u0627\u0641\u0642.<\/p>","protected":false},"excerpt":{"rendered":"<p>\u0646\u0637\u0627\u0642 \u0627\u0644\u062a\u0631\u062f\u062f: 54 \u0647\u0631\u062a\u0632 - 20 \u0643\u064a\u0644\u0648\u0647\u0631\u062a\u0632<br \/>\n\u0632\u0627\u0648\u064a\u0629 \u0627\u0644\u062a\u063a\u0637\u064a\u0629: \u0627\u0631\u062a\u0641\u0627\u0639 90 \u062f\u0631\u062c\u0629 \u00d7 \u0627\u0631\u062a\u0641\u0627\u0639 90 \u062f\u0631\u062c\u0629 \u00d7 \u0627\u0631\u062a\u0641\u0627\u0639 60 \u062f\u0631\u062c\u0629<br \/>\n\u0627\u0644\u062a\u0642\u0627\u0637\u0639: 2.0 \u0643\u064a\u0644\u0648\u0647\u0631\u062a\u0632<br \/>\n\u0627\u0644\u0645\u0639\u0627\u0648\u0642\u0629 \u0627\u0644\u0627\u0633\u0645\u064a\u0629: 8 \u03a9<br \/>\n\u0627\u0644\u062d\u0633\u0627\u0633\u064a\u0629 (1 \u0648\u0627\u0637\u060c 1 \u0645\u062a\u0631): 94 \u062f\u064a\u0633\u064a\u0628\u0644 SPL 94<br \/>\n\u0630\u0631\u0648\u0629 \u0645\u0633\u062a\u0648\u0649 \u0627\u0644\u0635\u0648\u062a \u0627\u0644\u0639\u0627\u0644\u064a (\u0645\u062d\u0633\u0648\u0628): 124 \u062f\u064a\u0633\u064a\u0628\u0644<br \/>\n\u0627\u0644\u0645\u0643\u0648\u0646\u0627\u062a: \u0627\u0644\u062a\u0631\u062f\u062f\u0627\u062a \u0627\u0644\u0645\u0646\u062e\u0641\u0636\u0629: 12 \u0628\u0648\u0635\u0629 \u0645\u062e\u0631\u0648\u0637\u064a\u0629\u060c \u0627\u0644\u062a\u0631\u062f\u062f\u0627\u062a \u0627\u0644\u0639\u0627\u0644\u064a\u0629: \u0645\u0634\u063a\u0644 \u0636\u063a\u0637 1.4 \u0628\u0648\u0635\u0629<br \/>\n\u0627\u0644\u062a\u0639\u0627\u0645\u0644 \u0645\u0639 \u0627\u0644\u0637\u0627\u0642\u0629: \u0627\u0644\u0636\u0648\u0636\u0627\u0621: 250 \u0648\u0627\u0637\u060c \u0627\u0644\u0630\u0631\u0648\u0629: 500 \u0648\u0627\u0637\u060c \u0627\u0644\u0630\u0631\u0648\u0629: 1,000 \u0648\u0627\u0637<br \/>\n\u0645\u0648\u0635\u0644\u0627\u062a \u0627\u0644\u0625\u062f\u062e\u0627\u0644\/\u0627\u0644\u0625\u062e\u0631\u0627\u062c: SpeakON NL4MP x 2 (\u0645\u062a\u0648\u0627\u0632\u064a)<br \/>\n\u0645\u0627\u062f\u0629 \u0627\u0644\u062e\u0632\u0627\u0646\u0629: \u062e\u0634\u0628 \u0631\u0642\u0627\u0626\u0642\u064a<br \/>\n\u0637\u0644\u0627\u0621: \u0637\u0644\u0627\u0621 \u0645\u062a\u064a\u0646 \u0645\u0646 \u0627\u0644\u0628\u0648\u0644\u064a\u0648\u0631\u064a\u0627\u060c \u0623\u0633\u0648\u062f<br \/>\n\u0645\u0642\u0627\u0628\u0636: \u0639\u0644\u0648\u064a \u00d7 1\u060c \u062c\u0627\u0646\u0628\u064a \u00d7 2<br \/>\n\u062d\u0627\u0645\u0644 \u0639\u0645\u0648\u062f: \u03a635 \u0645\u0645 \u00d72 (\u0623\u0633\u0641\u0644\u060c 0 \u062f\u0631\u062c\u0629 \u0623\u0648 -7 \u062f\u0631\u062c\u0629)<br \/>\n\u062d\u0628\u0627\u0644 \u0627\u0644\u062a\u062b\u0628\u064a\u062a: \u0639\u0644\u0648\u064a \u00d7 2\u060c \u062e\u0644\u0641\u064a \u00d7 1 (\u0645\u0633\u0627\u0645\u064a\u0631 \u0639\u064a\u0646 M10 \u00d7 30 ~ 50 \u0645\u0645)<br \/>\n\u0627\u0644\u0648\u0632\u0646: 17.1 \u0643\u062c\u0645<br \/>\n\u0627\u0644\u0623\u0628\u0639\u0627\u062f (\u0627\u0644\u0639\u0631\u0636 \u00d7 \u0627\u0644\u0639\u0645\u0642 \u00d7 \u0627\u0644\u0627\u0631\u062a\u0641\u0627\u0639): 359 \u00d7 578 \u00d7 340 \u00d7 578 \u0645\u0645<\/p>","protected":false},"featured_media":30265,"template":"","meta":{"advanced_seo_description":"","jetpack_seo_html_title":"","jetpack_seo_noindex":false},"product_brand":[290],"product_cat":[203,213,214],"product_tag":[],"class_list":{"0":"post-29811","1":"product","2":"type-product","3":"status-publish","4":"has-post-thumbnail","6":"product_brand-yamaha","7":"product_cat-professional-audio-visual","8":"product_cat-speakers-professional-audio-visual","9":"product_cat-loudspeakers-speakers-professional-audio-visual","10":"pa_brand-yamaha","12":"first","13":"instock","14":"shipping-taxable","15":"purchasable","16":"product-type-simple"},"jetpack_sharing_enabled":true,"_links":{"self":[{"href":"https:\/\/adawliahstore.com\/ar\/wp-json\/wp\/v2\/product\/29811","targetHints":{"allow":["GET"]}}],"collection":[{"href":"https:\/\/adawliahstore.com\/ar\/wp-json\/wp\/v2\/product"}],"about":[{"href":"https:\/\/adawliahstore.com\/ar\/wp-json\/wp\/v2\/types\/product"}],"version-history":[{"count":1,"href":"https:\/\/adawliahstore.com\/ar\/wp-json\/wp\/v2\/product\/29811\/revisions"}],"predecessor-version":[{"id":30266,"href":"https:\/\/adawliahstore.com\/ar\/wp-json\/wp\/v2\/product\/29811\/revisions\/30266"}],"wp:featuredmedia":[{"embeddable":true,"href":"https:\/\/adawliahstore.com\/ar\/wp-json\/wp\/v2\/media\/30265"}],"wp:attachment":[{"href":"https:\/\/adawliahstore.com\/ar\/wp-json\/wp\/v2\/media?parent=29811"}],"wp:term":[{"taxonomy":"product_brand","embeddable":true,"href":"https:\/\/adawliahstore.com\/ar\/wp-json\/wp\/v2\/product_brand?post=29811"},{"taxonomy":"product_cat","embeddable":true,"href":"https:\/\/adawliahstore.com\/ar\/wp-json\/wp\/v2\/product_cat?post=29811"},{"taxonomy":"product_tag","embeddable":true,"href":"https:\/\/adawliahstore.com\/ar\/wp-json\/wp\/v2\/product_tag?post=29811"}],"curies":[{"name":"wp","href":"https:\/\/api.w.org\/{rel}","templated":true}]}}