{"id":30357,"date":"2025-08-07T08:43:50","date_gmt":"2025-08-07T08:43:50","guid":{"rendered":"https:\/\/adawliahstore.com\/?post_type=product&#038;p=30357"},"modified":"2026-04-05T11:54:05","modified_gmt":"2026-04-05T11:54:05","slug":"pp-cymbal-set-hi-hat-crash-ride-ppcym01","status":"publish","type":"product","link":"https:\/\/adawliahstore.com\/ar\/product\/pp-cymbal-symball-set-hi-hat-crash-ride-ppcym01\/","title":{"rendered":"\u0637\u0642\u0645 \u0635\u0646\u062c PP \u0637\u0642\u0645 \u0635\u0646\u062c \u0647\u0627\u064a-\u0647\u0627\u062a \u0631\u0627\u064a\u062f \u0647\u0627\u064a-\u0647\u0627\u062a - PPCYM01"},"content":{"rendered":"<p>\u0637\u0642\u0645 \u0635\u0646\u062c \u0645\u0646 \u0625\u064a\u0642\u0627\u0639\u0627\u062a \u0627\u0644\u0623\u062f\u0627\u0621 \u0627\u0644\u0625\u064a\u0642\u0627\u0639\u064a<br \/>\n\u062d\u0632\u0645\u0629 \u0635\u0646\u062c \u0628\u064a\u0631\u0641\u0648\u0631\u0645\u0627\u0646\u0633 \u0628\u064a\u0631\u0641\u0648\u0631\u0645\u0627\u0646\u0633 \u0628\u0631\u0643\u0633\u064a\u0648\u0646 PPCYM01 \u0635\u0646\u062c \u0645\u062c\u0645\u0648\u0639\u0629 \u0635\u0646\u062c 14 \u0628\u0648\u0635\u0629 \u0647\u064a\u0647\u0627\u062a \u0645\u062a\u0648\u0633\u0637\u0629 \u0627\u0644\u062d\u062c\u0645\u060c 16 \u0628\u0648\u0635\u0629 \u0635\u0646\u062c \u0627\u0635\u0637\u062f\u0627\u0645 \u0645\u062a\u0648\u0633\u0637 \u0627\u0644\u062d\u062c\u0645\u060c 20 \u0628\u0648\u0635\u0629\/51 \u0633\u0645<\/p>","protected":false},"excerpt":{"rendered":"<p>\u0627\u0644\u0623\u0628\u0639\u0627\u062f: 49 \u00d7 48.4 \u00d7 48.4 \u00d7 7.5 \u0633\u0645.<\/p>\n<p>\u0648\u0632\u0646 \u0627\u0644\u0633\u0644\u0639\u0629: 2.84 \u0643\u062c\u0645.<\/p>","protected":false},"featured_media":30358,"template":"","meta":{"advanced_seo_description":"","jetpack_seo_html_title":"","jetpack_seo_noindex":false},"product_brand":[1084],"product_cat":[1273,20,1254,1255],"product_tag":[],"class_list":{"0":"post-30357","1":"product","2":"type-product","3":"status-publish","4":"has-post-thumbnail","6":"product_brand-john-hornby-skewes","7":"product_cat-others-accessories-drums-percussions","8":"product_cat-musical-instruments","9":"product_cat-drums-percussions","10":"product_cat-accessories-drums-percussions","12":"first","13":"instock","14":"shipping-taxable","15":"purchasable","16":"product-type-simple"},"jetpack_sharing_enabled":true,"_links":{"self":[{"href":"https:\/\/adawliahstore.com\/ar\/wp-json\/wp\/v2\/product\/30357","targetHints":{"allow":["GET"]}}],"collection":[{"href":"https:\/\/adawliahstore.com\/ar\/wp-json\/wp\/v2\/product"}],"about":[{"href":"https:\/\/adawliahstore.com\/ar\/wp-json\/wp\/v2\/types\/product"}],"version-history":[{"count":3,"href":"https:\/\/adawliahstore.com\/ar\/wp-json\/wp\/v2\/product\/30357\/revisions"}],"predecessor-version":[{"id":30361,"href":"https:\/\/adawliahstore.com\/ar\/wp-json\/wp\/v2\/product\/30357\/revisions\/30361"}],"wp:featuredmedia":[{"embeddable":true,"href":"https:\/\/adawliahstore.com\/ar\/wp-json\/wp\/v2\/media\/30358"}],"wp:attachment":[{"href":"https:\/\/adawliahstore.com\/ar\/wp-json\/wp\/v2\/media?parent=30357"}],"wp:term":[{"taxonomy":"product_brand","embeddable":true,"href":"https:\/\/adawliahstore.com\/ar\/wp-json\/wp\/v2\/product_brand?post=30357"},{"taxonomy":"product_cat","embeddable":true,"href":"https:\/\/adawliahstore.com\/ar\/wp-json\/wp\/v2\/product_cat?post=30357"},{"taxonomy":"product_tag","embeddable":true,"href":"https:\/\/adawliahstore.com\/ar\/wp-json\/wp\/v2\/product_tag?post=30357"}],"curies":[{"name":"wp","href":"https:\/\/api.w.org\/{rel}","templated":true}]}}