{"id":31883,"date":"2025-09-02T11:25:27","date_gmt":"2025-09-02T11:25:27","guid":{"rendered":"https:\/\/adawliahstore.com\/?post_type=product&#038;p=31883"},"modified":"2026-04-14T05:19:37","modified_gmt":"2026-04-14T05:19:37","slug":"brateck-s08-22d-sw","status":"publish","type":"product","link":"https:\/\/adawliahstore.com\/ar\/product\/%d8%a8%d8%b1%d8%a7%d8%aa%d9%8a%d9%83-%d8%ac08-22%d8%af-%d8%b3%d9%88\/","title":{"rendered":"\u0628\u0631\u0627\u062a\u0643 S08-22D-SW"},"content":{"rendered":"<p>\u0635\u064f\u0645\u0645 S08-22D-SW \u0628\u0645\u0638\u0647\u0631 \u0623\u0646\u064a\u0642 \u0648\u062f\u0631\u062c \u0631\u0641\u064a\u0639 \u0644\u0644\u063a\u0627\u064a\u0629 \u0623\u0633\u0641\u0644 \u0627\u0644\u0645\u0643\u062a\u0628\u060c \u0648\u064a\u0648\u0641\u0631 \u062d\u0644\u0627\u064b \u0645\u062b\u0627\u0644\u064a\u064b\u0627 \u0644\u0644\u062c\u0644\u0648\u0633 \u0641\u064a \u0645\u0633\u0627\u062d\u0629 \u0627\u0644\u0639\u0645\u0644 \u0627\u0644\u0645\u0646\u0632\u0644\u064a\u0629 \u0623\u0648 \u0627\u0644\u0645\u0643\u062a\u0628\u064a\u0629 \u0627\u0644\u062d\u062f\u064a\u062b\u0629 \u0645\u0639 \u0627\u0644\u062d\u0641\u0627\u0638 \u0639\u0644\u0649 \u0645\u0638\u0647\u0631 \u0646\u0638\u064a\u0641. \u064a\u0636\u0645\u0646 \u0627\u0644\u062a\u062d\u0643\u0645 \u0641\u064a \u0627\u0644\u0630\u0627\u0643\u0631\u0629 \u0627\u0644\u0645\u062f\u0645\u062c \u0628\u0645\u0627 \u0641\u064a \u0630\u0644\u0643 \u0645\u0646\u0627\u0641\u0630 USB-A \u0648 USB-C \u0633\u0647\u0648\u0644\u0629 \u0627\u0644\u0627\u0633\u062a\u062e\u062f\u0627\u0645 \u0648\u0627\u0644\u0634\u062d\u0646 \u0627\u0644\u0645\u0631\u064a\u062d. \u0648\u064a\u0636\u0645\u0646 \u0646\u0638\u0627\u0645 \u062a\u0641\u0627\u062f\u064a \u0627\u0644\u0627\u0635\u0637\u062f\u0627\u0645 \u0628\u0627\u0644\u062a\u064a\u0627\u0631 \u0627\u0644\u062c\u064a\u0631\u0648\u0633\u0643\u0648\u0628\u064a \u0627\u0644\u0633\u0644\u0627\u0645\u0629 \u0623\u062b\u0646\u0627\u0621 \u0627\u0644\u062d\u0631\u0643\u0629 \u0644\u0623\u0639\u0644\u0649 \u0648\u0644\u0623\u0633\u0641\u0644.<\/p>","protected":false},"excerpt":{"rendered":"<p>\u0641\u0626\u0629 \u0627\u0644\u0645\u0646\u062a\u062c: \u0645\u0643\u062a\u0628 \u0643\u0647\u0631\u0628\u0627\u0626\u064a \u0644\u0644\u062c\u0644\u0648\u0633 \u0639\u0644\u0649 \u0627\u0644\u0645\u0643\u062a\u0628 \u0627\u0644\u0643\u0647\u0631\u0628\u0627\u0626\u064a<br \/>\n\u0627\u0644\u0631\u062a\u0628\u0629: \u0642\u064a\u0627\u0633\u064a<br \/>\n\u0627\u0644\u0645\u0648\u0627\u062f: \u0623\u0644\u0648\u0627\u062d \u062e\u0634\u0628 \u0627\u0644\u062d\u0628\u064a\u0628\u0627\u062a \u0648\u0627\u0644\u0645\u064a\u0644\u0627\u0645\u064a\u0646 \u0648\u0627\u0644\u0641\u0648\u0644\u0627\u0630 \u0648\u0627\u0644\u0628\u0644\u0627\u0633\u062a\u064a\u0643<br \/>\n\u0627\u0644\u0623\u0628\u0639\u0627\u062f: 1180 \u00d7 600 \u00d7 720 \u00d7 720 ~ 1200 \u0645\u0645 (46.5 \u00d7 23.6 \u00d7 28.3 \u00d7 47.2 \u0628\u0648\u0635\u0629)<br \/>\n\u0627\u062a\u062c\u0627\u0647 \u0627\u0644\u0625\u0637\u0627\u0631: \u0645\u0633\u062a\u0637\u064a\u0644 \u0627\u0644\u0634\u0643\u0644: \u0645\u0633\u062a\u0637\u064a\u0644 \u0627\u0644\u0634\u0643\u0644<br \/>\n\u062d\u062c\u0645 \u0633\u0637\u062d \u0627\u0644\u0637\u0627\u0648\u0644\u0629: 1180 \u00d7 600 \u0645\u0645 (46.5 \u00d7 23.6 \u0628\u0648\u0635\u0629)<br \/>\n\u0633\u064f\u0645\u0643 \u0633\u0637\u062d \u0627\u0644\u0637\u0627\u0648\u0644\u0629: 12 \u0645\u0645 (0.47\u2033)<br \/>\n\u0644\u0648\u0646 \u0633\u0637\u062d \u0627\u0644\u0637\u0627\u0648\u0644\u0629: \u062e\u0634\u0628 \u0637\u0628\u064a\u0639\u064a\u060c \u0623\u0628\u064a\u0636\u060c \u0623\u0633\u0648\u062f\u060c \u062e\u0634\u0628 \u0637\u0628\u064a\u0639\u064a<br \/>\n\u0633\u0639\u0629 \u0627\u0644\u0648\u0632\u0646: 60 \u0643\u062c\u0645 (132 \u0631\u0637\u0644\u0627\u064b)<br \/>\n\u0633\u0639\u0629 \u0627\u0644\u0648\u0632\u0646 \u0627\u0644\u0633\u0627\u0643\u0646: 60 \u0643\u062c\u0645 (132 \u0631\u0637\u0644\u0627\u064b)<br \/>\n\u0646\u0637\u0627\u0642 \u0627\u0644\u0627\u0631\u062a\u0641\u0627\u0639: 720 ~ 1200 \u0645\u0645 (28.3 \u2033 ~ 47.2\u2033)<br \/>\n\u062a\u0635\u0645\u064a\u0645 \u0627\u0644\u0639\u0645\u0648\u062f: \u0639\u0645\u0648\u062f \u0642\u064a\u0627\u0633\u064a<br \/>\n\u0623\u062c\u0632\u0627\u0621 \u0627\u0644\u0639\u0645\u0648\u062f: \u0639\u0645\u0648\u062f \u0645\u0646 \u0645\u0631\u062d\u0644\u062a\u064a\u0646<br \/>\n\u062d\u062c\u0645 \u0627\u0644\u0639\u0645\u0648\u062f: 70\u00d740 \u3001 75\u00d745 \u0645\u0645<br \/>\n\u0643\u0645\u064a\u0629 \u0627\u0644\u0633\u0627\u0642\u064a\u0646: \u0633\u0627\u0642\u0627\u0646<\/p>","protected":false},"featured_media":31884,"template":"","meta":{"advanced_seo_description":"","jetpack_seo_html_title":"","jetpack_seo_noindex":false},"product_brand":[413],"product_cat":[72,652],"product_tag":[],"class_list":{"0":"post-31883","1":"product","2":"type-product","3":"status-publish","4":"has-post-thumbnail","6":"product_brand-brateck","7":"product_cat-accessories","8":"product_cat-benches-stools","9":"pa_brand-brateck","10":"pa_color-black","11":"pa_color-white","12":"pa_color-wood","14":"first","15":"instock","16":"shipping-taxable","17":"purchasable","18":"product-type-variable"},"jetpack_sharing_enabled":true,"_links":{"self":[{"href":"https:\/\/adawliahstore.com\/ar\/wp-json\/wp\/v2\/product\/31883","targetHints":{"allow":["GET"]}}],"collection":[{"href":"https:\/\/adawliahstore.com\/ar\/wp-json\/wp\/v2\/product"}],"about":[{"href":"https:\/\/adawliahstore.com\/ar\/wp-json\/wp\/v2\/types\/product"}],"version-history":[{"count":1,"href":"https:\/\/adawliahstore.com\/ar\/wp-json\/wp\/v2\/product\/31883\/revisions"}],"predecessor-version":[{"id":31895,"href":"https:\/\/adawliahstore.com\/ar\/wp-json\/wp\/v2\/product\/31883\/revisions\/31895"}],"wp:featuredmedia":[{"embeddable":true,"href":"https:\/\/adawliahstore.com\/ar\/wp-json\/wp\/v2\/media\/31884"}],"wp:attachment":[{"href":"https:\/\/adawliahstore.com\/ar\/wp-json\/wp\/v2\/media?parent=31883"}],"wp:term":[{"taxonomy":"product_brand","embeddable":true,"href":"https:\/\/adawliahstore.com\/ar\/wp-json\/wp\/v2\/product_brand?post=31883"},{"taxonomy":"product_cat","embeddable":true,"href":"https:\/\/adawliahstore.com\/ar\/wp-json\/wp\/v2\/product_cat?post=31883"},{"taxonomy":"product_tag","embeddable":true,"href":"https:\/\/adawliahstore.com\/ar\/wp-json\/wp\/v2\/product_tag?post=31883"}],"curies":[{"name":"wp","href":"https:\/\/api.w.org\/{rel}","templated":true}]}}