{"id":35825,"date":"2026-01-11T12:20:34","date_gmt":"2026-01-11T12:20:34","guid":{"rendered":"https:\/\/adawliahstore.com\/?post_type=product&#038;p=35825"},"modified":"2026-04-02T09:54:38","modified_gmt":"2026-04-02T09:54:38","slug":"cmx-2x300w-professional-power-amplifier","status":"publish","type":"product","link":"https:\/\/adawliahstore.com\/ar\/product\/cmx-2x300w-professional-power-amplifier\/","title":{"rendered":"CMX 2x300W Professional Power Amplifier"},"content":{"rendered":"<p>The CS-2100 series power amplifier is designed for professional audio application and fix installation sound system, it is digital class-D technology which helps the amplifier generate powerful output while keep less heat because of its high efficiency up to 85%. The power amplifier is designed with PWM special power supply to ensure its extreme stability, less noise and minimum heat. Its rated power from 2\u00d7100W, 2\u00d7200W, 2\u00d7300W, 2\u00d7400W at stereo 8\u03a9, the amplifier support 8\u03a9 &amp; 4\u03a9 and versatile mode of stereo, parallel and bridge makes it work well with line array speaker, subwoofer and professional loudspeakers. With complete protection of clip, high temp, overload and short circuit to ensure this amplifier work under severe working environment.<\/p>\n<p>Feature:<\/p>\n<p>Switching power technology digital Class-D power amplifier<br \/>\nGreen technology amplifier of 85% efficiency<br \/>\nWith PWM special power circuit to ensure excellent cooling system<br \/>\n19\u201d universal rack mount type in 1U height<br \/>\nSupport stereo output at 8\u03a9 &amp; 4\u03a9<br \/>\nOutput mode selector of stereo, parallel and bridge<br \/>\n2\u00d7Input by balanced XLR male connector<br \/>\n2\u00d7Output by balanced Speakon female connector<br \/>\nComplete protection include clip, high temp, overload and short circuit<\/p>","protected":false},"excerpt":{"rendered":"<p>The CS-2100 series power amplifier is designed for professional audio application and fix installation sound system, it is digital class-D<\/p>","protected":false},"featured_media":35827,"template":"","meta":{"advanced_seo_description":"","jetpack_seo_html_title":"","jetpack_seo_noindex":false},"product_brand":[1172],"product_cat":[203,1174],"product_tag":[],"class_list":{"0":"post-35825","1":"product","2":"type-product","3":"status-publish","4":"has-post-thumbnail","6":"product_brand-cmx","7":"product_cat-professional-audio-visual","8":"product_cat-power-amplifiers-professional-audio-visual","9":"pa_brand-cmx","11":"first","12":"instock","13":"shipping-taxable","14":"purchasable","15":"product-type-simple"},"jetpack_sharing_enabled":true,"_links":{"self":[{"href":"https:\/\/adawliahstore.com\/ar\/wp-json\/wp\/v2\/product\/35825","targetHints":{"allow":["GET"]}}],"collection":[{"href":"https:\/\/adawliahstore.com\/ar\/wp-json\/wp\/v2\/product"}],"about":[{"href":"https:\/\/adawliahstore.com\/ar\/wp-json\/wp\/v2\/types\/product"}],"version-history":[{"count":1,"href":"https:\/\/adawliahstore.com\/ar\/wp-json\/wp\/v2\/product\/35825\/revisions"}],"predecessor-version":[{"id":35828,"href":"https:\/\/adawliahstore.com\/ar\/wp-json\/wp\/v2\/product\/35825\/revisions\/35828"}],"wp:featuredmedia":[{"embeddable":true,"href":"https:\/\/adawliahstore.com\/ar\/wp-json\/wp\/v2\/media\/35827"}],"wp:attachment":[{"href":"https:\/\/adawliahstore.com\/ar\/wp-json\/wp\/v2\/media?parent=35825"}],"wp:term":[{"taxonomy":"product_brand","embeddable":true,"href":"https:\/\/adawliahstore.com\/ar\/wp-json\/wp\/v2\/product_brand?post=35825"},{"taxonomy":"product_cat","embeddable":true,"href":"https:\/\/adawliahstore.com\/ar\/wp-json\/wp\/v2\/product_cat?post=35825"},{"taxonomy":"product_tag","embeddable":true,"href":"https:\/\/adawliahstore.com\/ar\/wp-json\/wp\/v2\/product_tag?post=35825"}],"curies":[{"name":"wp","href":"https:\/\/api.w.org\/{rel}","templated":true}]}}